{"id":1210,"date":"2024-01-06T23:39:45","date_gmt":"2024-01-06T23:39:45","guid":{"rendered":"http:\/\/www.alco-cc.com\/?page_id=1210"},"modified":"2026-02-04T10:14:51","modified_gmt":"2026-02-04T09:14:51","slug":"over-ons","status":"publish","type":"page","link":"https:\/\/www.alco-cc.com\/fr\/over-ons\/","title":{"rendered":"A propos de nous"},"content":{"rendered":"<p><img fetchpriority=\"high\" decoding=\"async\" class=\"alignright wp-image-2247\" src=\"http:\/\/www.alco-cc.com\/wp-content\/uploads\/2026\/01\/alco-uniformiteit-def.png\" alt=\"\" width=\"502\" height=\"436\" srcset=\"https:\/\/www.alco-cc.com\/wp-content\/uploads\/2026\/01\/alco-uniformiteit-def.png 832w, https:\/\/www.alco-cc.com\/wp-content\/uploads\/2026\/01\/alco-uniformiteit-def-300x261.png 300w, https:\/\/www.alco-cc.com\/wp-content\/uploads\/2026\/01\/alco-uniformiteit-def-768x667.png 768w, https:\/\/www.alco-cc.com\/wp-content\/uploads\/2026\/01\/alco-uniformiteit-def-600x521.png 600w, https:\/\/www.alco-cc.com\/wp-content\/uploads\/2026\/01\/alco-uniformiteit-def-64x56.png 64w\" sizes=\"(max-width: 502px) 100vw, 502px\" \/>Depuis plus de 40 ans, Alco Cleaners &amp; Coatings est un partenaire fiable pour les solutions professionnelles de nettoyage et d'entretien. Avec une gamme \u00e9tendue de produits de nettoyage, de lubrifiants et de rev\u00eatements de sol \u00e9poxy de haute qualit\u00e9, Alco sert diverses industries avec une expertise \u00e9prouv\u00e9e.<\/p>\n<p>Alco est synonyme de qualit\u00e9, de r\u00e9sultats et de service. Les clients b\u00e9n\u00e9ficient de conseils d'experts sur mesure, d'une approche personnalis\u00e9e et d'une livraison rapide et fiable. Chaque produit est soigneusement s\u00e9lectionn\u00e9 en fonction de normes strictes en mati\u00e8re de qualit\u00e9 et d'environnement, ce qui garantit des performances \u00e9lev\u00e9es \u00e0 un prix \u00e9quitable. Nos produits de nettoyage sont conformes \u00e0 la Charte europ\u00e9enne du nettoyage durable.<\/p>\n<p>De plus en plus d'organisations renomm\u00e9es font confiance \u00e0 Alco en raison de sa valeur ajout\u00e9e mesurable en termes d'efficacit\u00e9, de durabilit\u00e9 et de fiabilit\u00e9. Avec une \u00e9quipe motiv\u00e9e, Alco travaille quotidiennement \u00e0 des partenariats \u00e0 long terme et \u00e0 une croissance durable, en pla\u00e7ant les personnes, l'environnement et les r\u00e9sultats au centre de ses pr\u00e9occupations.<\/p>\n<p>Vous voulez d\u00e9couvrir ce qu'Alco peut faire pour votre organisation ? Contactez-nous d\u00e8s aujourd'hui pour une consultation sans engagement ou demandez un devis imm\u00e9diat. Ensemble, nous garantirons une solution professionnelle et durable.<\/p>","protected":false},"excerpt":{"rendered":"<p>Alco Cleaners &amp; Coatings is al meer dan 40 jaar d\u00e9 betrouwbare partner voor professionele reinigings- en onderhoudsoplossingen. Met een uitgebreid assortiment aan reinigingsmiddelen, smeermiddelen en hoogwaardige epoxyvloercoatings bedient Alco uiteenlopende branches met bewezen expertise. Bij Alco draait alles om kwaliteit, resultaat en service. Klanten profiteren van deskundig advies op maat, een persoonlijke aanpak en [&hellip;]<\/p>\n","protected":false},"author":1,"featured_media":2151,"parent":0,"menu_order":10,"comment_status":"closed","ping_status":"closed","template":"","meta":{"_acf_changed":false,"footnotes":""},"class_list":["post-1210","page","type-page","status-publish","has-post-thumbnail","hentry"],"acf":[],"yoast_head":"<!-- This site is optimized with the Yoast SEO plugin v27.4 - https:\/\/yoast.com\/product\/yoast-seo-wordpress\/ -->\n<title>Over ons - Alco - Cleaners &amp; Coatings<\/title>\n<meta name=\"description\" content=\"Alco levert professionele reinigings- en onderhoudsproducten voor bedrijven en professionals. Effectief, betrouwbaar en duurzaam voor elk oppervlak en elke toepassing.\" \/>\n<meta name=\"robots\" content=\"index, follow, max-snippet:-1, max-image-preview:large, max-video-preview:-1\" \/>\n<link rel=\"canonical\" href=\"https:\/\/www.alco-cc.com\/fr\/over-ons\/\" \/>\n<meta property=\"og:locale\" content=\"fr_FR\" \/>\n<meta property=\"og:type\" content=\"article\" \/>\n<meta property=\"og:title\" content=\"Over ons - Alco - Cleaners &amp; Coatings\" \/>\n<meta property=\"og:description\" content=\"Alco levert professionele reinigings- en onderhoudsproducten voor bedrijven en professionals. Effectief, betrouwbaar en duurzaam voor elk oppervlak en elke toepassing.\" \/>\n<meta property=\"og:url\" content=\"https:\/\/www.alco-cc.com\/fr\/over-ons\/\" \/>\n<meta property=\"og:site_name\" content=\"Alco - Cleaners &amp; Coatings\" \/>\n<meta property=\"article:modified_time\" content=\"2026-02-04T09:14:51+00:00\" \/>\n<meta property=\"og:image\" content=\"https:\/\/www.alco-cc.com\/wp-content\/uploads\/2025\/12\/alco-nature-1-scaled.jpg\" \/>\n\t<meta property=\"og:image:width\" content=\"2560\" \/>\n\t<meta property=\"og:image:height\" content=\"1525\" \/>\n\t<meta property=\"og:image:type\" content=\"image\/jpeg\" \/>\n<meta name=\"twitter:card\" content=\"summary_large_image\" \/>\n<meta name=\"twitter:label1\" content=\"Dur\u00e9e de lecture estim\u00e9e\" \/>\n\t<meta name=\"twitter:data1\" content=\"2 minutes\" \/>\n<script type=\"application\/ld+json\" class=\"yoast-schema-graph\">{\"@context\":\"https:\\\/\\\/schema.org\",\"@graph\":[{\"@type\":\"WebPage\",\"@id\":\"https:\\\/\\\/www.alco-cc.com\\\/en\\\/over-ons\\\/\",\"url\":\"https:\\\/\\\/www.alco-cc.com\\\/en\\\/over-ons\\\/\",\"name\":\"Over ons - Alco - Cleaners &amp; Coatings\",\"isPartOf\":{\"@id\":\"https:\\\/\\\/www.alco-cc.com\\\/#website\"},\"primaryImageOfPage\":{\"@id\":\"https:\\\/\\\/www.alco-cc.com\\\/en\\\/over-ons\\\/#primaryimage\"},\"image\":{\"@id\":\"https:\\\/\\\/www.alco-cc.com\\\/en\\\/over-ons\\\/#primaryimage\"},\"thumbnailUrl\":\"https:\\\/\\\/www.alco-cc.com\\\/wp-content\\\/uploads\\\/2025\\\/12\\\/alco-nature-1-scaled.jpg\",\"datePublished\":\"2024-01-06T23:39:45+00:00\",\"dateModified\":\"2026-02-04T09:14:51+00:00\",\"description\":\"Alco levert professionele reinigings- en onderhoudsproducten voor bedrijven en professionals. Effectief, betrouwbaar en duurzaam voor elk oppervlak en elke toepassing.\",\"breadcrumb\":{\"@id\":\"https:\\\/\\\/www.alco-cc.com\\\/en\\\/over-ons\\\/#breadcrumb\"},\"inLanguage\":\"fr-FR\",\"potentialAction\":[{\"@type\":\"ReadAction\",\"target\":[\"https:\\\/\\\/www.alco-cc.com\\\/en\\\/over-ons\\\/\"]}]},{\"@type\":\"ImageObject\",\"inLanguage\":\"fr-FR\",\"@id\":\"https:\\\/\\\/www.alco-cc.com\\\/en\\\/over-ons\\\/#primaryimage\",\"url\":\"https:\\\/\\\/www.alco-cc.com\\\/wp-content\\\/uploads\\\/2025\\\/12\\\/alco-nature-1-scaled.jpg\",\"contentUrl\":\"https:\\\/\\\/www.alco-cc.com\\\/wp-content\\\/uploads\\\/2025\\\/12\\\/alco-nature-1-scaled.jpg\",\"width\":2560,\"height\":1525},{\"@type\":\"BreadcrumbList\",\"@id\":\"https:\\\/\\\/www.alco-cc.com\\\/en\\\/over-ons\\\/#breadcrumb\",\"itemListElement\":[{\"@type\":\"ListItem\",\"position\":1,\"name\":\"Alco\",\"item\":\"https:\\\/\\\/www.alco-cc.com\\\/\"},{\"@type\":\"ListItem\",\"position\":2,\"name\":\"Over ons\"}]},{\"@type\":\"WebSite\",\"@id\":\"https:\\\/\\\/www.alco-cc.com\\\/#website\",\"url\":\"https:\\\/\\\/www.alco-cc.com\\\/\",\"name\":\"Alco - Cleaners & Coatings\",\"description\":\"Kwaliteitsproducten sinds 1986\",\"publisher\":{\"@id\":\"https:\\\/\\\/www.alco-cc.com\\\/#organization\"},\"potentialAction\":[{\"@type\":\"SearchAction\",\"target\":{\"@type\":\"EntryPoint\",\"urlTemplate\":\"https:\\\/\\\/www.alco-cc.com\\\/?s={search_term_string}\"},\"query-input\":{\"@type\":\"PropertyValueSpecification\",\"valueRequired\":true,\"valueName\":\"search_term_string\"}}],\"inLanguage\":\"fr-FR\"},{\"@type\":\"Organization\",\"@id\":\"https:\\\/\\\/www.alco-cc.com\\\/#organization\",\"name\":\"Alco - Cleaners & Coatings\",\"url\":\"https:\\\/\\\/www.alco-cc.com\\\/\",\"logo\":{\"@type\":\"ImageObject\",\"inLanguage\":\"fr-FR\",\"@id\":\"https:\\\/\\\/www.alco-cc.com\\\/#\\\/schema\\\/logo\\\/image\\\/\",\"url\":\"http:\\\/\\\/www.alco-cc.com\\\/wp-content\\\/uploads\\\/2023\\\/04\\\/Alco-cleaners-en-coatings-logo.png\",\"contentUrl\":\"http:\\\/\\\/www.alco-cc.com\\\/wp-content\\\/uploads\\\/2023\\\/04\\\/Alco-cleaners-en-coatings-logo.png\",\"width\":266,\"height\":89,\"caption\":\"Alco - Cleaners & Coatings\"},\"image\":{\"@id\":\"https:\\\/\\\/www.alco-cc.com\\\/#\\\/schema\\\/logo\\\/image\\\/\"}}]}<\/script>\n<!-- \/ Yoast SEO plugin. -->","yoast_head_json":{"title":"Over ons - Alco - Cleaners &amp; Coatings","description":"Alco levert professionele reinigings- en onderhoudsproducten voor bedrijven en professionals. Effectief, betrouwbaar en duurzaam voor elk oppervlak en elke toepassing.","robots":{"index":"index","follow":"follow","max-snippet":"max-snippet:-1","max-image-preview":"max-image-preview:large","max-video-preview":"max-video-preview:-1"},"canonical":"https:\/\/www.alco-cc.com\/fr\/over-ons\/","og_locale":"fr_FR","og_type":"article","og_title":"Over ons - Alco - Cleaners &amp; Coatings","og_description":"Alco levert professionele reinigings- en onderhoudsproducten voor bedrijven en professionals. Effectief, betrouwbaar en duurzaam voor elk oppervlak en elke toepassing.","og_url":"https:\/\/www.alco-cc.com\/fr\/over-ons\/","og_site_name":"Alco - Cleaners &amp; Coatings","article_modified_time":"2026-02-04T09:14:51+00:00","og_image":[{"width":2560,"height":1525,"url":"https:\/\/www.alco-cc.com\/wp-content\/uploads\/2025\/12\/alco-nature-1-scaled.jpg","type":"image\/jpeg"}],"twitter_card":"summary_large_image","twitter_misc":{"Dur\u00e9e de lecture estim\u00e9e":"2 minutes"},"schema":{"@context":"https:\/\/schema.org","@graph":[{"@type":"WebPage","@id":"https:\/\/www.alco-cc.com\/en\/over-ons\/","url":"https:\/\/www.alco-cc.com\/en\/over-ons\/","name":"Over ons - Alco - Cleaners &amp; Coatings","isPartOf":{"@id":"https:\/\/www.alco-cc.com\/#website"},"primaryImageOfPage":{"@id":"https:\/\/www.alco-cc.com\/en\/over-ons\/#primaryimage"},"image":{"@id":"https:\/\/www.alco-cc.com\/en\/over-ons\/#primaryimage"},"thumbnailUrl":"https:\/\/www.alco-cc.com\/wp-content\/uploads\/2025\/12\/alco-nature-1-scaled.jpg","datePublished":"2024-01-06T23:39:45+00:00","dateModified":"2026-02-04T09:14:51+00:00","description":"Alco levert professionele reinigings- en onderhoudsproducten voor bedrijven en professionals. Effectief, betrouwbaar en duurzaam voor elk oppervlak en elke toepassing.","breadcrumb":{"@id":"https:\/\/www.alco-cc.com\/en\/over-ons\/#breadcrumb"},"inLanguage":"fr-FR","potentialAction":[{"@type":"ReadAction","target":["https:\/\/www.alco-cc.com\/en\/over-ons\/"]}]},{"@type":"ImageObject","inLanguage":"fr-FR","@id":"https:\/\/www.alco-cc.com\/en\/over-ons\/#primaryimage","url":"https:\/\/www.alco-cc.com\/wp-content\/uploads\/2025\/12\/alco-nature-1-scaled.jpg","contentUrl":"https:\/\/www.alco-cc.com\/wp-content\/uploads\/2025\/12\/alco-nature-1-scaled.jpg","width":2560,"height":1525},{"@type":"BreadcrumbList","@id":"https:\/\/www.alco-cc.com\/en\/over-ons\/#breadcrumb","itemListElement":[{"@type":"ListItem","position":1,"name":"Alco","item":"https:\/\/www.alco-cc.com\/"},{"@type":"ListItem","position":2,"name":"Over ons"}]},{"@type":"WebSite","@id":"https:\/\/www.alco-cc.com\/#website","url":"https:\/\/www.alco-cc.com\/","name":"Alco - Cleaners & Coatings","description":"Kwaliteitsproducten sinds 1986","publisher":{"@id":"https:\/\/www.alco-cc.com\/#organization"},"potentialAction":[{"@type":"SearchAction","target":{"@type":"EntryPoint","urlTemplate":"https:\/\/www.alco-cc.com\/?s={search_term_string}"},"query-input":{"@type":"PropertyValueSpecification","valueRequired":true,"valueName":"search_term_string"}}],"inLanguage":"fr-FR"},{"@type":"Organization","@id":"https:\/\/www.alco-cc.com\/#organization","name":"Alco - Cleaners & Coatings","url":"https:\/\/www.alco-cc.com\/","logo":{"@type":"ImageObject","inLanguage":"fr-FR","@id":"https:\/\/www.alco-cc.com\/#\/schema\/logo\/image\/","url":"http:\/\/www.alco-cc.com\/wp-content\/uploads\/2023\/04\/Alco-cleaners-en-coatings-logo.png","contentUrl":"http:\/\/www.alco-cc.com\/wp-content\/uploads\/2023\/04\/Alco-cleaners-en-coatings-logo.png","width":266,"height":89,"caption":"Alco - Cleaners & Coatings"},"image":{"@id":"https:\/\/www.alco-cc.com\/#\/schema\/logo\/image\/"}}]}},"_links":{"self":[{"href":"https:\/\/www.alco-cc.com\/fr\/wp-json\/wp\/v2\/pages\/1210","targetHints":{"allow":["GET"]}}],"collection":[{"href":"https:\/\/www.alco-cc.com\/fr\/wp-json\/wp\/v2\/pages"}],"about":[{"href":"https:\/\/www.alco-cc.com\/fr\/wp-json\/wp\/v2\/types\/page"}],"author":[{"embeddable":true,"href":"https:\/\/www.alco-cc.com\/fr\/wp-json\/wp\/v2\/users\/1"}],"replies":[{"embeddable":true,"href":"https:\/\/www.alco-cc.com\/fr\/wp-json\/wp\/v2\/comments?post=1210"}],"version-history":[{"count":0,"href":"https:\/\/www.alco-cc.com\/fr\/wp-json\/wp\/v2\/pages\/1210\/revisions"}],"wp:featuredmedia":[{"embeddable":true,"href":"https:\/\/www.alco-cc.com\/fr\/wp-json\/wp\/v2\/media\/2151"}],"wp:attachment":[{"href":"https:\/\/www.alco-cc.com\/fr\/wp-json\/wp\/v2\/media?parent=1210"}],"curies":[{"name":"wp","href":"https:\/\/api.w.org\/{rel}","templated":true}]}}